{"id":240,"date":"2022-10-21T09:43:52","date_gmt":"2022-10-21T01:43:52","guid":{"rendered":"http:\/\/yhtamebillow.com\/?page_id=240"},"modified":"2022-12-05T13:31:01","modified_gmt":"2022-12-05T05:31:01","slug":"about-us","status":"publish","type":"page","link":"https:\/\/yhtamebillow.com\/pt\/sobre-nos\/","title":{"rendered":"Sobre n\u00f3s"},"content":{"rendered":"<p>O Anhui Yuhuan Group foi fundado em 2010, \u00e9 um dos principais fabricantes que lida com pranchas de surfe e skates. A Yuhuan tem se concentrado em 100% exportando mercado de alto padr\u00e3o de qualidade, produto de alto custo-desempenho.<\/p>\n<p>Como uma marca com aspira\u00e7\u00e3o de desenvolvimento permanente, reunimos muitos coment\u00e1rios positivos da maioria dos clientes. Combinando conselhos de habilidades profissionais, equipamentos avan\u00e7ados, controle de qualidade rigoroso, entrega constante etc., Yuhuan \u00e9 sua melhor escolha.<\/p>","protected":false},"excerpt":{"rendered":"O Anhui Yuhuan Group foi fundado em 2010 e \u00e9 um dos principais fabricantes de pranchas de surfe aqu\u00e1tico e skates. A Yuhuan tem...","protected":false},"author":1,"featured_media":0,"parent":0,"menu_order":0,"comment_status":"closed","ping_status":"closed","template":"page\/about_us.php","meta":[],"_links":{"self":[{"href":"https:\/\/yhtamebillow.com\/pt\/wp-json\/wp\/v2\/pages\/240"}],"collection":[{"href":"https:\/\/yhtamebillow.com\/pt\/wp-json\/wp\/v2\/pages"}],"about":[{"href":"https:\/\/yhtamebillow.com\/pt\/wp-json\/wp\/v2\/types\/page"}],"author":[{"embeddable":true,"href":"https:\/\/yhtamebillow.com\/pt\/wp-json\/wp\/v2\/users\/1"}],"replies":[{"embeddable":true,"href":"https:\/\/yhtamebillow.com\/pt\/wp-json\/wp\/v2\/comments?post=240"}],"version-history":[{"count":4,"href":"https:\/\/yhtamebillow.com\/pt\/wp-json\/wp\/v2\/pages\/240\/revisions"}],"predecessor-version":[{"id":380,"href":"https:\/\/yhtamebillow.com\/pt\/wp-json\/wp\/v2\/pages\/240\/revisions\/380"}],"wp:attachment":[{"href":"https:\/\/yhtamebillow.com\/pt\/wp-json\/wp\/v2\/media?parent=240"}],"curies":[{"name":"wp","href":"https:\/\/api.w.org\/{rel}","templated":true}]}}