{"id":240,"date":"2022-10-21T09:43:52","date_gmt":"2022-10-21T01:43:52","guid":{"rendered":"http:\/\/yhtamebillow.com\/?page_id=240"},"modified":"2022-12-05T13:31:01","modified_gmt":"2022-12-05T05:31:01","slug":"about-us","status":"publish","type":"page","link":"https:\/\/yhtamebillow.com\/fr\/a-propos-de-nous\/","title":{"rendered":"\u00c0 propos de nous"},"content":{"rendered":"<p>Le groupe Anhui Yuhuan a \u00e9t\u00e9 fond\u00e9 en 2010 et est l&#039;un des principaux fabricants de planches de surf et de planches \u00e0 roulettes.<\/p>\n<p>En tant que marque avec une aspiration permanente au d\u00e9veloppement, nous recueillons beaucoup de commentaires positifs de la plupart des clients.Combinant avec des conseils de comp\u00e9tences professionnelles, un \u00e9quipement de pointe, un contr\u00f4le de qualit\u00e9 strict, une livraison r\u00e9guli\u00e8re, etc., Yuhuan est votre meilleur choix.<\/p>","protected":false},"excerpt":{"rendered":"Anhui Yuhuan Group a \u00e9t\u00e9 fond\u00e9 en 2010, est un fabricant de premier plan sp\u00e9cialis\u00e9 dans les planches de surf et les skateboards. Yuhuan a...","protected":false},"author":1,"featured_media":0,"parent":0,"menu_order":0,"comment_status":"closed","ping_status":"closed","template":"page\/about_us.php","meta":[],"_links":{"self":[{"href":"https:\/\/yhtamebillow.com\/fr\/wp-json\/wp\/v2\/pages\/240"}],"collection":[{"href":"https:\/\/yhtamebillow.com\/fr\/wp-json\/wp\/v2\/pages"}],"about":[{"href":"https:\/\/yhtamebillow.com\/fr\/wp-json\/wp\/v2\/types\/page"}],"author":[{"embeddable":true,"href":"https:\/\/yhtamebillow.com\/fr\/wp-json\/wp\/v2\/users\/1"}],"replies":[{"embeddable":true,"href":"https:\/\/yhtamebillow.com\/fr\/wp-json\/wp\/v2\/comments?post=240"}],"version-history":[{"count":4,"href":"https:\/\/yhtamebillow.com\/fr\/wp-json\/wp\/v2\/pages\/240\/revisions"}],"predecessor-version":[{"id":380,"href":"https:\/\/yhtamebillow.com\/fr\/wp-json\/wp\/v2\/pages\/240\/revisions\/380"}],"wp:attachment":[{"href":"https:\/\/yhtamebillow.com\/fr\/wp-json\/wp\/v2\/media?parent=240"}],"curies":[{"name":"wp","href":"https:\/\/api.w.org\/{rel}","templated":true}]}}