{"id":240,"date":"2022-10-21T09:43:52","date_gmt":"2022-10-21T01:43:52","guid":{"rendered":"http:\/\/yhtamebillow.com\/?page_id=240"},"modified":"2022-12-05T13:31:01","modified_gmt":"2022-12-05T05:31:01","slug":"about-us","status":"publish","type":"page","link":"https:\/\/yhtamebillow.com\/es\/sobre-nosotros\/","title":{"rendered":"Sobre nosotros"},"content":{"rendered":"<p>Anhui Yuhuan Group fue fundado en 2010, es un fabricante l\u00edder que se ocupa de tablas de surf acu\u00e1ticas y patinetas. Yuhuan se ha centrado en 100% exportando productos de alto rendimiento y alto est\u00e1ndar de calidad.<\/p>\n<p>Como una marca con una aspiraci\u00f3n de desarrollo permanente, recibimos muchos comentarios positivos de la mayor\u00eda de los clientes. En combinaci\u00f3n con el asesoramiento de habilidades profesionales, equipos avanzados, estricto control de calidad, entrega constante, etc., Yuhuan es su mejor opci\u00f3n.<\/p>","protected":false},"excerpt":{"rendered":"Anhui Yuhuan Group fue fundado en 2010, es un fabricante l\u00edder que se ocupa de tablas de surf acu\u00e1ticas y patinetas. Yuhuan ti...","protected":false},"author":1,"featured_media":0,"parent":0,"menu_order":0,"comment_status":"closed","ping_status":"closed","template":"page\/about_us.php","meta":[],"_links":{"self":[{"href":"https:\/\/yhtamebillow.com\/es\/wp-json\/wp\/v2\/pages\/240"}],"collection":[{"href":"https:\/\/yhtamebillow.com\/es\/wp-json\/wp\/v2\/pages"}],"about":[{"href":"https:\/\/yhtamebillow.com\/es\/wp-json\/wp\/v2\/types\/page"}],"author":[{"embeddable":true,"href":"https:\/\/yhtamebillow.com\/es\/wp-json\/wp\/v2\/users\/1"}],"replies":[{"embeddable":true,"href":"https:\/\/yhtamebillow.com\/es\/wp-json\/wp\/v2\/comments?post=240"}],"version-history":[{"count":4,"href":"https:\/\/yhtamebillow.com\/es\/wp-json\/wp\/v2\/pages\/240\/revisions"}],"predecessor-version":[{"id":380,"href":"https:\/\/yhtamebillow.com\/es\/wp-json\/wp\/v2\/pages\/240\/revisions\/380"}],"wp:attachment":[{"href":"https:\/\/yhtamebillow.com\/es\/wp-json\/wp\/v2\/media?parent=240"}],"curies":[{"name":"wp","href":"https:\/\/api.w.org\/{rel}","templated":true}]}}