{"id":240,"date":"2022-10-21T09:43:52","date_gmt":"2022-10-21T01:43:52","guid":{"rendered":"http:\/\/yhtamebillow.com\/?page_id=240"},"modified":"2022-12-05T13:31:01","modified_gmt":"2022-12-05T05:31:01","slug":"about-us","status":"publish","type":"page","link":"https:\/\/yhtamebillow.com\/de\/uber-uns\/","title":{"rendered":"\u00dcber uns"},"content":{"rendered":"<p>Die Anhui Yuhuan Group wurde 2010 gegr\u00fcndet und ist ein Top-Hersteller, der sich mit Wassersurfbrettern und Skateboards besch\u00e4ftigt. Yuhuan hat sich auf 100% konzentriert und exportiert qualitativ hochwertige Standardmarktprodukte mit hohem Preis-Leistungs-Verh\u00e4ltnis.<\/p>\n<p>Als Marke mit st\u00e4ndigem Entwicklungsstreben sammeln wir viel positives Feedback von den meisten Kunden. In Kombination mit professioneller Kompetenzberatung, fortschrittlicher Ausr\u00fcstung, strenger Qualit\u00e4tskontrolle, stetiger Lieferung usw. ist Yuhuan Ihre beste Wahl.<\/p>","protected":false},"excerpt":{"rendered":"Die Anhui Yuhuan Group wurde 2010 gegr\u00fcndet und ist ein f\u00fchrender Hersteller von Wassersurfbrettern und Skateboards. Yuhuan hat \u2026","protected":false},"author":1,"featured_media":0,"parent":0,"menu_order":0,"comment_status":"closed","ping_status":"closed","template":"page\/about_us.php","meta":[],"_links":{"self":[{"href":"https:\/\/yhtamebillow.com\/de\/wp-json\/wp\/v2\/pages\/240"}],"collection":[{"href":"https:\/\/yhtamebillow.com\/de\/wp-json\/wp\/v2\/pages"}],"about":[{"href":"https:\/\/yhtamebillow.com\/de\/wp-json\/wp\/v2\/types\/page"}],"author":[{"embeddable":true,"href":"https:\/\/yhtamebillow.com\/de\/wp-json\/wp\/v2\/users\/1"}],"replies":[{"embeddable":true,"href":"https:\/\/yhtamebillow.com\/de\/wp-json\/wp\/v2\/comments?post=240"}],"version-history":[{"count":4,"href":"https:\/\/yhtamebillow.com\/de\/wp-json\/wp\/v2\/pages\/240\/revisions"}],"predecessor-version":[{"id":380,"href":"https:\/\/yhtamebillow.com\/de\/wp-json\/wp\/v2\/pages\/240\/revisions\/380"}],"wp:attachment":[{"href":"https:\/\/yhtamebillow.com\/de\/wp-json\/wp\/v2\/media?parent=240"}],"curies":[{"name":"wp","href":"https:\/\/api.w.org\/{rel}","templated":true}]}}